{"id":979,"date":"2025-09-27T10:09:14","date_gmt":"2025-09-27T10:09:14","guid":{"rendered":"https:\/\/uhmwpemanufacture.com\/?post_type=product&#038;p=979"},"modified":"2025-09-27T10:09:14","modified_gmt":"2025-09-27T10:09:14","slug":"engineering-plastic-sheets-custom-machined-parts-supplier","status":"publish","type":"product","link":"https:\/\/uhmwpemanufacture.com\/pt\/engineering-plastic-sheets-custom-machined-parts-supplier\/","title":{"rendered":"Fornecedor de chapas de pl\u00e1stico de engenharia com pe\u00e7as maquinadas \u00e0 medida"},"content":{"rendered":"<h2>Folhas de pl\u00e1stico para engenharia Distribuidor de componentes maquinados \u00e0 medida<\/h2>\n<p>As nossas folhas de pl\u00e1stico de engenharia s\u00e3o maquinadas com precis\u00e3o em componentes robustos e leves, concebidos para aplica\u00e7\u00f5es comerciais de elevado desempenho. Desde equipamentos, polias e rolos a suportes, casquilhos e espa\u00e7adores feitos \u00e0 medida, estes elementos oferecem uma excelente resist\u00eancia ao desgaste, seguran\u00e7a qu\u00edmica e fric\u00e7\u00e3o reduzida. Com capacidades de maquinagem inovadoras, fornecemos componentes em diferentes formas, dimens\u00f5es e cores para satisfazer os seus requisitos espec\u00edficos de disposi\u00e7\u00e3o e desempenho. Adequadas para os mercados autom\u00f3vel, de maquinaria, de manuseamento de alimentos e de embalagem de produtos, as nossas pe\u00e7as de pl\u00e1stico personalizadas garantem efic\u00e1cia e integridade em todos os projectos.<\/p>\n<p>Principais atributos<\/p>\n<p>Elevada resist\u00eancia ao desgaste e aos efeitos<\/p>\n<p>Design leve e flex\u00edvel<\/p>\n<p>Formas e dimens\u00f5es personalizadas prontamente dispon\u00edveis<\/p>\n<p>Ideal para uso comercial e comercial<\/p>","protected":false},"excerpt":{"rendered":"<p>As nossas folhas de pl\u00e1stico de engenharia s\u00e3o maquinadas com precis\u00e3o em pe\u00e7as personalizadas para diversas necessidades industriais. Dispon\u00edveis em v\u00e1rias cores e formas, estes componentes duradouros garantem for\u00e7a, resist\u00eancia ao desgaste e desempenho fi\u00e1vel para m\u00e1quinas, equipamento e aplica\u00e7\u00f5es de fabrico.<\/p>","protected":false},"featured_media":986,"template":"","meta":{"_gspb_post_css":""},"product_brand":[],"product_cat":[34],"product_tag":[94,93,95],"class_list":{"0":"post-979","1":"product","2":"type-product","3":"status-publish","4":"has-post-thumbnail","6":"product_cat-mg-engineering-plastic-sheets","7":"product_tag-custom-machined-parts","8":"product_tag-engineering-plastic-sheets","9":"product_tag-industrial-plastic-components","11":"first","12":"instock","13":"shipping-taxable","14":"product-type-simple"},"_links":{"self":[{"href":"https:\/\/uhmwpemanufacture.com\/pt\/wp-json\/wp\/v2\/product\/979","targetHints":{"allow":["GET"]}}],"collection":[{"href":"https:\/\/uhmwpemanufacture.com\/pt\/wp-json\/wp\/v2\/product"}],"about":[{"href":"https:\/\/uhmwpemanufacture.com\/pt\/wp-json\/wp\/v2\/types\/product"}],"wp:featuredmedia":[{"embeddable":true,"href":"https:\/\/uhmwpemanufacture.com\/pt\/wp-json\/wp\/v2\/media\/986"}],"wp:attachment":[{"href":"https:\/\/uhmwpemanufacture.com\/pt\/wp-json\/wp\/v2\/media?parent=979"}],"wp:term":[{"taxonomy":"product_brand","embeddable":true,"href":"https:\/\/uhmwpemanufacture.com\/pt\/wp-json\/wp\/v2\/product_brand?post=979"},{"taxonomy":"product_cat","embeddable":true,"href":"https:\/\/uhmwpemanufacture.com\/pt\/wp-json\/wp\/v2\/product_cat?post=979"},{"taxonomy":"product_tag","embeddable":true,"href":"https:\/\/uhmwpemanufacture.com\/pt\/wp-json\/wp\/v2\/product_tag?post=979"}],"curies":[{"name":"wp","href":"https:\/\/api.w.org\/{rel}","templated":true}]}}