{"id":989,"date":"2025-09-27T10:16:52","date_gmt":"2025-09-27T10:16:52","guid":{"rendered":"https:\/\/uhmwpemanufacture.com\/?post_type=product&#038;p=989"},"modified":"2025-09-27T10:16:53","modified_gmt":"2025-09-27T10:16:53","slug":"cnc-machinery-parts-precision-plastic-components-supplier","status":"publish","type":"product","link":"https:\/\/uhmwpemanufacture.com\/pt\/cnc-machinery-parts-precision-plastic-components-supplier\/","title":{"rendered":"Pe\u00e7as de maquinaria CNC Componentes de pl\u00e1stico de precis\u00e3o Fornecedor"},"content":{"rendered":"<h2>Equipamento CNC Componentes Pe\u00e7as pl\u00e1sticas de precis\u00e3o Distribuidor<\/h2>\n<p>Os nossos componentes para m\u00e1quinas CNC s\u00e3o fabricados a partir de pl\u00e1sticos de design de alto desempenho, garantindo durabilidade, precis\u00e3o e longa vida \u00fatil. Os produtos apresentados consistem em equipamentos, rolos, casquilhos, guias e elementos com formas personalizadas, ideais para diversas utiliza\u00e7\u00f5es industriais. Estas pe\u00e7as foram concebidas para uma fric\u00e7\u00e3o reduzida, uma elevada resist\u00eancia ao desgaste e uma capacidade de carga excecional, o que as torna ideais para sistemas de transporte, equipamento de embalagem de produtos e m\u00e1quinas de automatiza\u00e7\u00e3o. Dispon\u00edveis em diferentes tonalidades e formas, cada pe\u00e7a pode ser personalizada de acordo com as suas especifica\u00e7\u00f5es espec\u00edficas, garantindo uma integra\u00e7\u00e3o perfeita nos seus sistemas.<\/p>\n<p>Porqu\u00ea escolher-nos<\/p>\n<p>Componentes de pl\u00e1stico de precis\u00e3o para equipamentos CNC<\/p>\n<p>Imune \u00e0 abras\u00e3o, ao impacto e aos produtos qu\u00edmicos<\/p>\n<p>Op\u00e7\u00e3o leve mas resistente aos componentes met\u00e1licos<\/p>\n<p>Maquina\u00e7\u00e3o personalizada para estilos especiais<\/p>","protected":false},"excerpt":{"rendered":"<p>Pe\u00e7as para m\u00e1quinas CNC fabricadas a partir de pl\u00e1sticos de engenharia duradouros, incluindo engrenagens, casquilhos, rolos e componentes personalizados. Concebidos para precis\u00e3o, resist\u00eancia ao desgaste e desempenho suave em sistemas de transporte, embalagem e automa\u00e7\u00e3o, oferecendo solu\u00e7\u00f5es fi\u00e1veis e personaliz\u00e1veis.<\/p>","protected":false},"featured_media":990,"template":"","meta":{"_gspb_post_css":""},"product_brand":[],"product_cat":[35],"product_tag":[96,97,98],"class_list":{"0":"post-989","1":"product","2":"type-product","3":"status-publish","4":"has-post-thumbnail","6":"product_cat-pp-pe-products","7":"product_tag-cnc-parts","8":"product_tag-plastic-components","9":"product_tag-precision-machining","11":"first","12":"instock","13":"shipping-taxable","14":"product-type-simple"},"_links":{"self":[{"href":"https:\/\/uhmwpemanufacture.com\/pt\/wp-json\/wp\/v2\/product\/989","targetHints":{"allow":["GET"]}}],"collection":[{"href":"https:\/\/uhmwpemanufacture.com\/pt\/wp-json\/wp\/v2\/product"}],"about":[{"href":"https:\/\/uhmwpemanufacture.com\/pt\/wp-json\/wp\/v2\/types\/product"}],"wp:featuredmedia":[{"embeddable":true,"href":"https:\/\/uhmwpemanufacture.com\/pt\/wp-json\/wp\/v2\/media\/990"}],"wp:attachment":[{"href":"https:\/\/uhmwpemanufacture.com\/pt\/wp-json\/wp\/v2\/media?parent=989"}],"wp:term":[{"taxonomy":"product_brand","embeddable":true,"href":"https:\/\/uhmwpemanufacture.com\/pt\/wp-json\/wp\/v2\/product_brand?post=989"},{"taxonomy":"product_cat","embeddable":true,"href":"https:\/\/uhmwpemanufacture.com\/pt\/wp-json\/wp\/v2\/product_cat?post=989"},{"taxonomy":"product_tag","embeddable":true,"href":"https:\/\/uhmwpemanufacture.com\/pt\/wp-json\/wp\/v2\/product_tag?post=989"}],"curies":[{"name":"wp","href":"https:\/\/api.w.org\/{rel}","templated":true}]}}