{"id":996,"date":"2025-09-27T11:46:47","date_gmt":"2025-09-27T11:46:47","guid":{"rendered":"https:\/\/uhmwpemanufacture.com\/?post_type=product&#038;p=996"},"modified":"2025-09-27T11:46:47","modified_gmt":"2025-09-27T11:46:47","slug":"high-density-polyethylene-board-hdpe-plastic-sheet-vendor","status":"publish","type":"product","link":"https:\/\/uhmwpemanufacture.com\/pt\/high-density-polyethylene-board-hdpe-plastic-sheet-vendor\/","title":{"rendered":"Placa de polietileno de alta densidade Folha de pl\u00e1stico PEAD Vendedor"},"content":{"rendered":"<h2>Placa de polietileno de alta espessura Fornecedor de folha de pl\u00e1stico PEAD<\/h2>\n<p>As nossas placas de pl\u00e1stico HDPE proporcionam for\u00e7a, dureza e resist\u00eancia ao impacto, aos produtos qu\u00edmicos e \u00e0 humidade. Criadas para utiliza\u00e7\u00e3o industrial, mar\u00edtima e na constru\u00e7\u00e3o, estas placas de polietileno de alta densidade t\u00eam um desempenho excelente em aplica\u00e7\u00f5es exteriores e interiores. Leves mas resistentes, s\u00e3o muito f\u00e1ceis de maquinar, cortar e moldar para satisfazer as necessidades de tarefas personalizadas. Prontamente dispon\u00edveis em v\u00e1rias tonalidades de branco, azul e preto, estas placas de PEAD s\u00e3o amplamente utilizadas para revestimentos, placas redutoras, barreiras de prote\u00e7\u00e3o e fabrico. As suas propriedades residenciais ou comerciais n\u00e3o t\u00f3xicas e amigas do ambiente tornam-nas isentas de riscos para o contacto com alimentos e atmosferas populares de utiliza\u00e7\u00e3o prolongada.<\/p>","protected":false},"excerpt":{"rendered":"<p>As placas de Polietileno de Alta Densidade oferecem durabilidade, resist\u00eancia ao impacto e versatilidade para utiliza\u00e7\u00e3o industrial, mar\u00edtima e na constru\u00e7\u00e3o. Estas placas de pl\u00e1stico HDPE s\u00e3o f\u00e1ceis de maquinar, resistentes \u00e0 humidade e est\u00e3o dispon\u00edveis em v\u00e1rias cores, o que as torna ideais para revestimentos, barreiras e fabrico personalizado.<\/p>","protected":false},"featured_media":999,"template":"","meta":{"_gspb_post_css":""},"product_brand":[],"product_cat":[15,19],"product_tag":[99,101,100],"class_list":{"0":"post-996","1":"product","2":"type-product","3":"status-publish","4":"has-post-thumbnail","6":"product_cat-uhmwpe-hdpe-sheets-plates","7":"product_cat-lead-boron-polyethylene-plates","8":"product_tag-hdpe-board","9":"product_tag-plastic-sheet-supplie","10":"product_tag-polyethylene-sheet","12":"first","13":"instock","14":"shipping-taxable","15":"product-type-simple"},"_links":{"self":[{"href":"https:\/\/uhmwpemanufacture.com\/pt\/wp-json\/wp\/v2\/product\/996","targetHints":{"allow":["GET"]}}],"collection":[{"href":"https:\/\/uhmwpemanufacture.com\/pt\/wp-json\/wp\/v2\/product"}],"about":[{"href":"https:\/\/uhmwpemanufacture.com\/pt\/wp-json\/wp\/v2\/types\/product"}],"wp:featuredmedia":[{"embeddable":true,"href":"https:\/\/uhmwpemanufacture.com\/pt\/wp-json\/wp\/v2\/media\/999"}],"wp:attachment":[{"href":"https:\/\/uhmwpemanufacture.com\/pt\/wp-json\/wp\/v2\/media?parent=996"}],"wp:term":[{"taxonomy":"product_brand","embeddable":true,"href":"https:\/\/uhmwpemanufacture.com\/pt\/wp-json\/wp\/v2\/product_brand?post=996"},{"taxonomy":"product_cat","embeddable":true,"href":"https:\/\/uhmwpemanufacture.com\/pt\/wp-json\/wp\/v2\/product_cat?post=996"},{"taxonomy":"product_tag","embeddable":true,"href":"https:\/\/uhmwpemanufacture.com\/pt\/wp-json\/wp\/v2\/product_tag?post=996"}],"curies":[{"name":"wp","href":"https:\/\/api.w.org\/{rel}","templated":true}]}}